{"id":2,"date":"2022-11-18T09:20:57","date_gmt":"2022-11-18T09:20:57","guid":{"rendered":"https:\/\/sakarya.news\/?page_id=2"},"modified":"2022-12-23T10:20:42","modified_gmt":"2022-12-23T07:20:42","slug":"duzeltme-politikasi","status":"publish","type":"page","link":"https:\/\/haber.kocaalibilisim.com\/index.php\/duzeltme-politikasi\/","title":{"rendered":"D\u00fczeltme Politikas\u0131"},"content":{"rendered":"\n<p>G\u00f6rsel ve i\u015fitsel yay\u0131nlarda ki\u015filerin haysiyet ve \u015fereflerine dokunulmas\u0131 veya kendileriyle ilgili ger\u00e7e\u011fe ayk\u0131r\u0131 yay\u0131nlar yap\u0131lmas\u0131 durumunda bireylerin bu yay\u0131nlar\u0131n d\u00fczeltilmesi i\u00e7in tekzip hakk\u0131 bulunur.<\/p>\n\n\n\n<p>D\u00fczeltme cevap hakk\u0131, ki\u015filerin \u015feref ve haysiyetinin korunmas\u0131 ve toplumun do\u011fru bilgilendirilmesinin sa\u011flanmas\u0131 anlam\u0131nda b\u00fcy\u00fck \u00f6nem ta\u015f\u0131makta olup ki\u015fiye kendisini savunma ve zedelenen ki\u015filik haklar\u0131n\u0131n korunmas\u0131 imkan\u0131 verir.<\/p>\n\n\n\n<p>S\u00fcreli yay\u0131nlarda ki\u015filerin \u015ferefi ve haysiyetini ihlal eden veya ki\u015filerle ilgili ger\u00e7e\u011fe ayk\u0131r\u0131 yay\u0131m yap\u0131lmas\u0131 durumunda, bundan zarar g\u00f6ren ki\u015filerin, bahsedilen yay\u0131m tarihinden itibaren iki ay i\u00e7inde g\u00f6nderece\u011fi;<\/p>\n\n\n\n<p>Su\u00e7 unsuru i\u00e7ermeyen, \u00dc\u00e7\u00fcnc\u00fc ki\u015filerin hukuken korunan menfaatlerine ayk\u0131r\u0131 olmayan d\u00fczeltme ve cevap yaz\u0131s\u0131n\u0131, sorumlu m\u00fcd\u00fcr, hi\u00e7bir d\u00fczeltme ve ekleme yap\u0131lmaks\u0131z\u0131n, g\u00fcnl\u00fck s\u00fcreli yay\u0131nlarda yaz\u0131y\u0131 ald\u0131\u011f\u0131 tarihten itibaren en ge\u00e7 \u00fc\u00e7 g\u00fcn i\u00e7inde, di\u011fer s\u00fcreli yay\u0131nlarda yaz\u0131y\u0131 ald\u0131\u011f\u0131 tarihten itibaren \u00fc\u00e7 g\u00fcnden sonraki ilk n\u00fcshada, ilgili yay\u0131n\u0131n yer ald\u0131\u011f\u0131 sayfa ve s\u00fctunlarda, ayn\u0131 puntolarla ve ayn\u0131 \u015fekilde yay\u0131mlamak y\u00fck\u00fcml\u00fcl\u00fc\u011f\u00fcndedir.<\/p>\n","protected":false},"excerpt":{"rendered":"<p>G\u00f6rsel ve i\u015fitsel yay\u0131nlarda ki\u015filerin haysiyet ve \u015fereflerine dokunulmas\u0131 veya kendileriyle ilgili ger\u00e7e\u011fe ayk\u0131r\u0131 yay\u0131nlar yap\u0131lmas\u0131 durumunda bireylerin bu yay\u0131nlar\u0131n d\u00fczeltilmesi i\u00e7in tekzip hakk\u0131 bulunur. D\u00fczeltme cevap hakk\u0131, ki\u015filerin \u015feref ve haysiyetinin korunmas\u0131 ve toplumun do\u011fru bilgilendirilmesinin sa\u011flanmas\u0131 anlam\u0131nda b\u00fcy\u00fck \u00f6nem ta\u015f\u0131makta olup ki\u015fiye kendisini savunma ve zedelenen ki\u015filik haklar\u0131n\u0131n korunmas\u0131 imkan\u0131 verir. S\u00fcreli yay\u0131nlarda [&hellip;]<\/p>\n","protected":false},"author":1,"featured_media":0,"parent":0,"menu_order":0,"comment_status":"closed","ping_status":"open","template":"","meta":{"footnotes":""},"class_list":["post-2","page","type-page","status-publish","hentry"],"_links":{"self":[{"href":"https:\/\/haber.kocaalibilisim.com\/index.php\/wp-json\/wp\/v2\/pages\/2","targetHints":{"allow":["GET"]}}],"collection":[{"href":"https:\/\/haber.kocaalibilisim.com\/index.php\/wp-json\/wp\/v2\/pages"}],"about":[{"href":"https:\/\/haber.kocaalibilisim.com\/index.php\/wp-json\/wp\/v2\/types\/page"}],"author":[{"embeddable":true,"href":"https:\/\/haber.kocaalibilisim.com\/index.php\/wp-json\/wp\/v2\/users\/1"}],"replies":[{"embeddable":true,"href":"https:\/\/haber.kocaalibilisim.com\/index.php\/wp-json\/wp\/v2\/comments?post=2"}],"version-history":[{"count":1,"href":"https:\/\/haber.kocaalibilisim.com\/index.php\/wp-json\/wp\/v2\/pages\/2\/revisions"}],"predecessor-version":[{"id":3369,"href":"https:\/\/haber.kocaalibilisim.com\/index.php\/wp-json\/wp\/v2\/pages\/2\/revisions\/3369"}],"wp:attachment":[{"href":"https:\/\/haber.kocaalibilisim.com\/index.php\/wp-json\/wp\/v2\/media?parent=2"}],"curies":[{"name":"wp","href":"https:\/\/api.w.org\/{rel}","templated":true}]}}