{"id":3367,"date":"2022-12-23T10:04:31","date_gmt":"2022-12-23T07:04:31","guid":{"rendered":"https:\/\/sakarya.news\/?page_id=3367"},"modified":"2022-12-23T10:27:26","modified_gmt":"2022-12-23T07:27:26","slug":"haber-dogrulama-ilkesi","status":"publish","type":"page","link":"https:\/\/haber.kocaalibilisim.com\/index.php\/haber-dogrulama-ilkesi\/","title":{"rendered":"Haber Do\u011frulama \u0130lkesi"},"content":{"rendered":"\n<p>Do\u011frulama, her haber sitesi i\u00e7in bir gerekliliktir. Sakarya News mensubu yay\u0131n organlar\u0131, yay\u0131nc\u0131l\u0131k ahlak\u0131 ilkeleri \u00e7er\u00e7evesinde farkl\u0131 kaynaklardan teyit edilemeyen \u015f\u00fcpheli haberleri yay\u0131nlamamaktad\u0131r.<\/p>\n\n\n\n<p>Haber kaynaklar\u0131n\u0131n \u00e7e\u015fitlili\u011finin her ge\u00e7en g\u00fcn artt\u0131\u011f\u0131 ve sosyal medyadaki kontrol\u00fc g\u00fc\u00e7 bilgi kirlili\u011finin h\u0131zl\u0131 bir \u015fekilde yay\u0131ld\u0131\u011f\u0131 \u00e7a\u011f\u0131m\u0131zda Sakarya&#8217;n\u0131n yeni medyas\u0131 olarak yola \u00e7\u0131kan Sakarya News, okurlar\u0131na g\u00fcvenilik kaynaklardan do\u011fru haberler aktarmay\u0131 ilke edinmi\u015ftir.<\/p>\n","protected":false},"excerpt":{"rendered":"<p>Do\u011frulama, her haber sitesi i\u00e7in bir gerekliliktir. Sakarya News mensubu yay\u0131n organlar\u0131, yay\u0131nc\u0131l\u0131k ahlak\u0131 ilkeleri \u00e7er\u00e7evesinde farkl\u0131 kaynaklardan teyit edilemeyen \u015f\u00fcpheli haberleri yay\u0131nlamamaktad\u0131r. Haber kaynaklar\u0131n\u0131n \u00e7e\u015fitlili\u011finin her ge\u00e7en g\u00fcn artt\u0131\u011f\u0131 ve sosyal medyadaki kontrol\u00fc g\u00fc\u00e7 bilgi kirlili\u011finin h\u0131zl\u0131 bir \u015fekilde yay\u0131ld\u0131\u011f\u0131 \u00e7a\u011f\u0131m\u0131zda Sakarya&#8217;n\u0131n yeni medyas\u0131 olarak yola \u00e7\u0131kan Sakarya News, okurlar\u0131na g\u00fcvenilik kaynaklardan do\u011fru haberler [&hellip;]<\/p>\n","protected":false},"author":1,"featured_media":0,"parent":0,"menu_order":0,"comment_status":"closed","ping_status":"closed","template":"","meta":{"footnotes":""},"class_list":["post-3367","page","type-page","status-publish","hentry"],"_links":{"self":[{"href":"https:\/\/haber.kocaalibilisim.com\/index.php\/wp-json\/wp\/v2\/pages\/3367","targetHints":{"allow":["GET"]}}],"collection":[{"href":"https:\/\/haber.kocaalibilisim.com\/index.php\/wp-json\/wp\/v2\/pages"}],"about":[{"href":"https:\/\/haber.kocaalibilisim.com\/index.php\/wp-json\/wp\/v2\/types\/page"}],"author":[{"embeddable":true,"href":"https:\/\/haber.kocaalibilisim.com\/index.php\/wp-json\/wp\/v2\/users\/1"}],"replies":[{"embeddable":true,"href":"https:\/\/haber.kocaalibilisim.com\/index.php\/wp-json\/wp\/v2\/comments?post=3367"}],"version-history":[{"count":2,"href":"https:\/\/haber.kocaalibilisim.com\/index.php\/wp-json\/wp\/v2\/pages\/3367\/revisions"}],"predecessor-version":[{"id":3374,"href":"https:\/\/haber.kocaalibilisim.com\/index.php\/wp-json\/wp\/v2\/pages\/3367\/revisions\/3374"}],"wp:attachment":[{"href":"https:\/\/haber.kocaalibilisim.com\/index.php\/wp-json\/wp\/v2\/media?parent=3367"}],"curies":[{"name":"wp","href":"https:\/\/api.w.org\/{rel}","templated":true}]}}