{"id":3370,"date":"2022-12-23T10:09:20","date_gmt":"2022-12-23T07:09:20","guid":{"rendered":"https:\/\/sakarya.news\/?page_id=3370"},"modified":"2022-12-23T10:30:21","modified_gmt":"2022-12-23T07:30:21","slug":"kunye","status":"publish","type":"page","link":"https:\/\/haber.kocaalibilisim.com\/index.php\/kunye\/","title":{"rendered":"K\u00fcnye"},"content":{"rendered":"\n<p>Sitemiz bas\u0131n meslek ilkeleri kapsam\u0131nda Sakarya Haberlerini ilgilendiren her alanda tarafs\u0131z habercilik anlay\u0131\u015f\u0131 ile yay\u0131n yapmaktad\u0131r.<\/p>\n\n\n\n<p>Sitemizde yer alan haberler genel olarak PR ajanslar\u0131 taraf\u0131ndan servis edilmektedir. Kaynak g\u00f6stermek \u015fart\u0131 ile haberlerimizin kullan\u0131lmas\u0131nda bir sak\u0131nca yoktur. Yorumlar okurlar\u0131n kendilerini ba\u011flamakta site y\u00f6netiminin yazarlar\u0131n ve okur yorumlar\u0131n\u0131n g\u00f6r\u00fc\u015f\u00fcnde hukuki sorumlulu\u011fu bulunmamaktad\u0131r.<\/p>\n\n\n\n<p><strong>Sahibi ve Genel Yay\u0131n Y\u00f6netmeni<\/strong><br><strong><a href=\"http:\/\/www.kocaalibilisim.com\">Kocaali Bili\u015fim<\/a><\/strong><br>&nbsp;<strong>&#8230;&#8230;&#8230;&#8230;&#8230;&#8230;&#8230;&#8230;&#8230;&#8230;&#8230;&#8230;&#8230;&#8230;&#8230;&#8230;&#8230;&#8230;&#8230;&#8230;&#8230;&#8230;&#8230;&#8230;&#8230;&#8230;&#8230;&#8230;&#8230;&#8230;&#8230;&#8230;..<\/strong><\/p>\n\n\n\n<p><strong>Haber Edit\u00f6r\u00fc&nbsp;\/ News Editors<\/strong><br><br><strong><a href=\"https:\/\/sakarya.news\/author\/ridvan\/\">Ridvan KARA<\/a><\/strong><br><strong>\u00d6mer Faruk SAY<\/strong><br>&nbsp;&nbsp;<strong>&#8230;&#8230;&#8230;&#8230;&#8230;&#8230;&#8230;&#8230;&#8230;&#8230;&#8230;&#8230;&#8230;&#8230;&#8230;&#8230;&#8230;&#8230;&#8230;&#8230;&#8230;&#8230;&#8230;&#8230;&#8230;&#8230;&#8230;&#8230;&#8230;&#8230;&#8230;&#8230;..<\/strong><br><br>Sitedeki t\u00fcm harici linkler ayr\u0131 bir sayfada a\u00e7\u0131l\u0131r.&nbsp;<strong>sakarya.news<\/strong>&nbsp;harici linklerin sorumlulu\u011funu almaz.<\/p>\n\n\n\n<p><strong>Gizlilik Politikas\u0131 \/ Privacy Policy &nbsp;&nbsp;&nbsp;&nbsp;&nbsp;&nbsp;&nbsp;&nbsp;&nbsp;&nbsp;&nbsp;&nbsp;&nbsp;&nbsp;<\/strong><\/p>\n\n\n\n<p><br><strong>Sakarya.news<\/strong>&nbsp;adl\u0131 haber sitemiz, hukuka, yasalara, telif haklar\u0131na ve ki\u015filik haklar\u0131na sayg\u0131l\u0131 olmay\u0131 kendinde benimsemi\u015ftir. Sitemiz 5651 say\u0131l\u0131 yasada tan\u0131mlanan &#8220;i\u00e7erik sa\u011flay\u0131c\u0131&#8221; olarak hizmet vermektedir. \u0130lgili yasaya g\u00f6re, site y\u00f6netiminin hukuka ayk\u0131r\u0131 i\u00e7erikleri kontrol etme y\u00fck\u00fcml\u00fcl\u00fc\u011f\u00fc yoktur. Bu sebeble, sitemiz &#8220;uyar ve kald\u0131r&#8221; prensibini benimsemi\u015ftir. Her hangi bir haberden dolay\u0131 rahats\u0131zl\u0131k ya\u015fayan haberin ger\u00e7ekli\u011finden \u015f\u00fcphe eden ve TEL\u0130F konu olan eserlerin yasal olmayan bir bi\u00e7imde payla\u015f\u0131ld\u0131\u011f\u0131n\u0131 ve yasal haklar\u0131n \u00e7i\u011fnendi\u011fini d\u00fc\u015f\u00fcnen hak sahipleri meslek birlikleri,&nbsp;<strong>haber@kocaali.com <\/strong>mail adresinden veya&nbsp;<strong>\u0130LET\u0130\u015e\u0130M FORMU<\/strong>&nbsp;ile bize ula\u015fabilirler. Buraya ula\u015fan \u015fikayet ve talepleriniz avukat\u0131m\u0131z taraf\u0131ndan incelenecek, ve ihlal oldu\u011fu d\u00fc\u015f\u00fcn\u00fclen i\u00e7erikler sitemizden derhal kald\u0131r\u0131lacakt\u0131r.<\/p>\n","protected":false},"excerpt":{"rendered":"<p>Sitemiz bas\u0131n meslek ilkeleri kapsam\u0131nda Sakarya Haberlerini ilgilendiren her alanda tarafs\u0131z habercilik anlay\u0131\u015f\u0131 ile yay\u0131n yapmaktad\u0131r. Sitemizde yer alan haberler genel olarak PR ajanslar\u0131 taraf\u0131ndan servis edilmektedir. Kaynak g\u00f6stermek \u015fart\u0131 ile haberlerimizin kullan\u0131lmas\u0131nda bir sak\u0131nca yoktur. Yorumlar okurlar\u0131n kendilerini ba\u011flamakta site y\u00f6netiminin yazarlar\u0131n ve okur yorumlar\u0131n\u0131n g\u00f6r\u00fc\u015f\u00fcnde hukuki sorumlulu\u011fu bulunmamaktad\u0131r. Sahibi ve Genel Yay\u0131n Y\u00f6netmeniKocaali [&hellip;]<\/p>\n","protected":false},"author":1,"featured_media":0,"parent":0,"menu_order":0,"comment_status":"closed","ping_status":"closed","template":"","meta":{"footnotes":""},"class_list":["post-3370","page","type-page","status-publish","hentry"],"_links":{"self":[{"href":"https:\/\/haber.kocaalibilisim.com\/index.php\/wp-json\/wp\/v2\/pages\/3370","targetHints":{"allow":["GET"]}}],"collection":[{"href":"https:\/\/haber.kocaalibilisim.com\/index.php\/wp-json\/wp\/v2\/pages"}],"about":[{"href":"https:\/\/haber.kocaalibilisim.com\/index.php\/wp-json\/wp\/v2\/types\/page"}],"author":[{"embeddable":true,"href":"https:\/\/haber.kocaalibilisim.com\/index.php\/wp-json\/wp\/v2\/users\/1"}],"replies":[{"embeddable":true,"href":"https:\/\/haber.kocaalibilisim.com\/index.php\/wp-json\/wp\/v2\/comments?post=3370"}],"version-history":[{"count":3,"href":"https:\/\/haber.kocaalibilisim.com\/index.php\/wp-json\/wp\/v2\/pages\/3370\/revisions"}],"predecessor-version":[{"id":3373,"href":"https:\/\/haber.kocaalibilisim.com\/index.php\/wp-json\/wp\/v2\/pages\/3370\/revisions\/3373"}],"wp:attachment":[{"href":"https:\/\/haber.kocaalibilisim.com\/index.php\/wp-json\/wp\/v2\/media?parent=3370"}],"curies":[{"name":"wp","href":"https:\/\/api.w.org\/{rel}","templated":true}]}}